{"id":6,"date":"2020-06-11T15:01:23","date_gmt":"2020-06-11T15:01:23","guid":{"rendered":"https:\/\/freoonitehnika.ee\/?page_id=6"},"modified":"2020-06-16T09:38:34","modified_gmt":"2020-06-16T09:38:34","slug":"home","status":"publish","type":"page","link":"https:\/\/freoonitehnika.ee\/ee\/","title":{"rendered":"Freoonitehnika"},"content":{"rendered":"<h3>Meie<\/h3>\n<p>Freoonitehnika O\u00dc tegeleb autokonditsioneeridega ja jahutuss\u00fcsteemidega alates 1995. aastast. Ettev\u00f5ttel on enam kui 20 aastat kogemust k\u00f5rge kvaliteedi teenuste ja materjalide pakkumisega. Aastate jooksul oleme j\u00e4rjepidevalt pakutud oma klientidele k\u00f5rgkvaliteetse ja kestva teeninduse.<\/p>\n<p><img loading=\"lazy\" decoding=\"async\" src=\"https:\/\/freoonitehnika.ee\/wp-content\/uploads\/2020\/06\/freoon2.jpg\" alt=\"Freoonitehnika - autokliima ja k\u00fclmatehnika diagnostika, hooldus, remont, paigaldus ja m\u00fc\u00fck\" width=\"1600\" height=\"600\" class=\"alignright wp-image-43 size-full\" srcset=\"https:\/\/freoonitehnika.ee\/wp-content\/uploads\/2020\/06\/freoon2.jpg 1600w, https:\/\/freoonitehnika.ee\/wp-content\/uploads\/2020\/06\/freoon2-300x113.jpg 300w, https:\/\/freoonitehnika.ee\/wp-content\/uploads\/2020\/06\/freoon2-1024x384.jpg 1024w, https:\/\/freoonitehnika.ee\/wp-content\/uploads\/2020\/06\/freoon2-768x288.jpg 768w, https:\/\/freoonitehnika.ee\/wp-content\/uploads\/2020\/06\/freoon2-1536x576.jpg 1536w\" sizes=\"auto, (max-width: 1600px) 100vw, 1600px\" \/><\/p>\n<h3><\/h3>\n<h3><\/h3>\n<h3><\/h3>\n<h3><\/h3>\n<h3><\/h3>\n<p><img loading=\"lazy\" decoding=\"async\" src=\"https:\/\/freoonitehnika.ee\/wp-content\/uploads\/2020\/06\/freoon1-e1592299960939-1024x674.jpg\" alt=\"Freoonitehnika - autokliima ja k\u00fclmatehnika diagnostika, hooldus, remont, paigaldus ja m\u00fc\u00fck\" width=\"750\" height=\"494\" class=\"alignright wp-image-42 size-large\" srcset=\"https:\/\/freoonitehnika.ee\/wp-content\/uploads\/2020\/06\/freoon1-e1592299960939-1024x674.jpg 1024w, https:\/\/freoonitehnika.ee\/wp-content\/uploads\/2020\/06\/freoon1-e1592299960939-300x197.jpg 300w, https:\/\/freoonitehnika.ee\/wp-content\/uploads\/2020\/06\/freoon1-e1592299960939-768x505.jpg 768w, https:\/\/freoonitehnika.ee\/wp-content\/uploads\/2020\/06\/freoon1-e1592299960939.jpg 1149w\" sizes=\"auto, (max-width: 750px) 100vw, 750px\" \/><\/p>\n<h3>Autokliima (auto konditsioneeri) diagnistika ja t\u00e4itmine<\/h3>\n<p>Pakume teenust Teie kodu- v\u00f5i t\u00f6\u00f6 asuvas parklas v\u00f5i tulge meie juurde. Saate rahulikult tegeleda oma tavap\u00e4raste p\u00e4evatoimingutega kuni meister hoolitseb kliimaseadmete eest Teie s\u00f5iduautos, maasturis, kaubikus, veoautos, ehitustehnikas v\u00f5i vees\u00f5idukis. Autokliima \u00f5ige t\u00f6\u00f6 tagab s\u00f5idukis m\u00f5nusa kliima ja paraja niiskustaseme, mis v\u00e4listab aknate higistamise ja loob s\u00f5itjatele mugava keskkonna.<br \/>\nTeostame remonti TEXA diagnostikaseadmetega. Konditsioneeri diagnostikaseade on varustatud mahuka andmebaasiga, mis v\u00f5imaldab k\u00f5ikide automarkide konditsioneeride diagnostikat, t\u00e4itmist ning remonti.<br \/>\nMeie teenuste hulka kuuluvad j\u00e4rgmised teenused:<\/p>\n<ul>\n<li><span>S\u00f5iduki salongi siseneva \u00f5huvoolu temperatuuri kontroll<br \/>\n<\/span><\/li>\n<li><span>S\u00f5idukis oleva k\u00fclmaaine test gaasi anal\u00fcsaatoriga<br \/>\n<\/span><\/li>\n<li><span>Saastunud k\u00fclmaaine, niiskuse ja m\u00e4\u00e4rdunud \u00f5li eemaldamine<\/span><\/li>\n<li><span>Vaakumeerimine<\/span><\/li>\n<li><span>Vaakum test<\/span><span><br \/>\n<\/span><\/li>\n<li><span>UV v\u00e4rvaine, et\u00a0edaspidi oleks v\u00f5imalikke lekkeid juba palju lihtsam avastada\u00a0<\/span><\/li>\n<li><span>Kompressori \u00f5li<\/span><span><br \/>\n<\/span><\/li>\n<li><span>Uus k\u00f5rgkvaliteetne k\u00fclmaaine. 100% vastavus standartile. L\u00f5pphind s\u00f5ltub t\u00e4idetud k\u00fclmaaine kogusest. Meil on andmebaas k\u00f5ikidele automarkidel<\/span><\/li>\n<li><span>K\u00fclmaaine r\u00f5hu kontroll<br \/>\n<\/span><\/li>\n<li><span>K\u00fclmaaine r\u00f5hu anal\u00fc\u00fcs<\/span><\/li>\n<li><span>Alumiinium torude visuaalne kontroll<\/span><\/li>\n<li><span>Radiaatorite visuaalne kontroll<\/span><\/li>\n<li><span>S\u00f5iduki salongi siseneva \u00f5huvoolu temperatuuri kontroll<\/span><\/li>\n<li><span>Ventilaatorite kontroll<\/span><\/li>\n<li><span>\u00d5hu \u00f5ige liikumise kontroll salongis<\/span><\/li>\n<li><span>Halbade l\u00f5hnade kontroll<\/span><\/li>\n<li><span>Andurite kontroll<\/span><\/li>\n<li><span><span class=\"st\">Kompressori j\u00f5udluse kontroll<\/span><\/span><\/li>\n<li><span>Vigade lugemine ning s\u00fcsteemi aktiviseerimine arvutiga<\/span><\/li>\n<li><span><span class=\"st\">Hermeetilisuse diagnostika\/ Survestamine kuiva l\u00e4mmastikuga. Kohustuslik protseduur t\u00fchja s\u00fcsteemi korra<\/span><\/span><\/li>\n<li>Konditsioneeris\u00fcsteemi gaasir\u00f5hu kontroll<\/li>\n<li>Gaasir\u00f5hu n\u00e4itajate anal\u00fc\u00fcs<\/li>\n<li>Auto salongi siseneva \u00f5huvoolu temperatuuri test<\/li>\n<li>\u00d5huvoolu t\u00f5hususe kontroll<\/li>\n<li>Aurusti ja konditsioneeri vantilaatorite j\u00f5udluse kontroll<\/li>\n<li>Ebameeldivate l\u00f5hnade olemasolu kontroll<\/li>\n<li>S\u00fcsteemi koostisosade t\u00f6\u00f6 kontroll<\/li>\n<li>Kompressori j\u00f5udluse kontroll<\/li>\n<li>Konditsioneeris\u00fcsteemi j\u00f5udluse kontroll<\/li>\n<li>Konditsioneeris\u00fcsteemi hermeetilisuse diagnostika<\/li>\n<li>Vigade lugemine ja s\u00fcsteemi aktiviseerimine EOBD pistikuga<\/li>\n<li>Salongifiltri kontroll<\/li>\n<\/ul>\n<p><img loading=\"lazy\" decoding=\"async\" src=\"https:\/\/freoonitehnika.ee\/wp-content\/uploads\/2020\/06\/freoon3.jpg\" alt=\"\" width=\"512\" height=\"233\" class=\"alignright wp-image-60 size-full\" srcset=\"https:\/\/freoonitehnika.ee\/wp-content\/uploads\/2020\/06\/freoon3.jpg 512w, https:\/\/freoonitehnika.ee\/wp-content\/uploads\/2020\/06\/freoon3-300x137.jpg 300w\" sizes=\"auto, (max-width: 512px) 100vw, 512px\" \/><\/p>\n<h3>Erinevad k\u00fclmalahendused<\/h3>\n<p>Kaubanduslikud k\u00fclmseadmed (k\u00fclmutusseadmed), k\u00fclmkambrid, k\u00fclmhooned ja hoiukambrid. K\u00fclmutuslahenduste projketeerimine ja ehitus.<\/p>\n<p>Pakume oma klientidele sandwich-t\u00fc\u00fcpi kergpaneelidest k\u00fclmkambrite ja s\u00fcgavk\u00fclmkambrite tarnet ning ehitust.\u00a0Kergpaneelid valmistatakse vastavalt Tellija vajadustele, soovidele ja etteantud m\u00f5\u00f5tudele. Paneelidel on s\u00f5ltuvalt tootjast ja paneelit\u00fc\u00fcbist kindel mooduli laius, pikkusm\u00f5\u00f5t tehakse vastavalt spetsifikatsioonile.<\/p>\n","protected":false},"excerpt":{"rendered":"<p>Meie Freoonitehnika O\u00dc tegeleb autokonditsioneeridega ja jahutuss\u00fcsteemidega alates 1995. aastast. Ettev\u00f5ttel on enam kui 20 aastat kogemust k\u00f5rge kvaliteedi teenuste ja materjalide pakkumisega. Aastate jooksul oleme j\u00e4rjepidevalt pakutud oma klientidele k\u00f5rgkvaliteetse ja kestva teeninduse. Autokliima (auto konditsioneeri) diagnistika ja t\u00e4itmine Pakume teenust Teie kodu- v\u00f5i t\u00f6\u00f6 asuvas parklas v\u00f5i tulge [&hellip;]<\/p>\n","protected":false},"author":1,"featured_media":20,"parent":0,"menu_order":0,"comment_status":"closed","ping_status":"closed","template":"","meta":{"footnotes":""},"class_list":["post-6","page","type-page","status-publish","has-post-thumbnail","hentry"],"aioseo_notices":[],"_links":{"self":[{"href":"https:\/\/freoonitehnika.ee\/ee\/wp-json\/wp\/v2\/pages\/6","targetHints":{"allow":["GET"]}}],"collection":[{"href":"https:\/\/freoonitehnika.ee\/ee\/wp-json\/wp\/v2\/pages"}],"about":[{"href":"https:\/\/freoonitehnika.ee\/ee\/wp-json\/wp\/v2\/types\/page"}],"author":[{"embeddable":true,"href":"https:\/\/freoonitehnika.ee\/ee\/wp-json\/wp\/v2\/users\/1"}],"replies":[{"embeddable":true,"href":"https:\/\/freoonitehnika.ee\/ee\/wp-json\/wp\/v2\/comments?post=6"}],"version-history":[{"count":24,"href":"https:\/\/freoonitehnika.ee\/ee\/wp-json\/wp\/v2\/pages\/6\/revisions"}],"predecessor-version":[{"id":64,"href":"https:\/\/freoonitehnika.ee\/ee\/wp-json\/wp\/v2\/pages\/6\/revisions\/64"}],"wp:featuredmedia":[{"embeddable":true,"href":"https:\/\/freoonitehnika.ee\/ee\/wp-json\/wp\/v2\/media\/20"}],"wp:attachment":[{"href":"https:\/\/freoonitehnika.ee\/ee\/wp-json\/wp\/v2\/media?parent=6"}],"curies":[{"name":"wp","href":"https:\/\/api.w.org\/{rel}","templated":true}]}}